{"id":1018,"date":"2020-01-03T10:53:21","date_gmt":"2020-01-03T13:53:21","guid":{"rendered":"http:\/\/clientes.lumendesign.com.br\/anami\/estrutura\/"},"modified":"2020-05-20T16:19:34","modified_gmt":"2020-05-20T19:19:34","slug":"facilities","status":"publish","type":"page","link":"https:\/\/www.anami.org.br\/en\/facilities\/","title":{"rendered":"Facilities"},"content":{"rendered":"[vc_row type=&#8221;in_container&#8221; full_screen_row_position=&#8221;middle&#8221; column_margin=&#8221;default&#8221; scene_position=&#8221;center&#8221; text_color=&#8221;dark&#8221; text_align=&#8221;left&#8221; top_padding=&#8221;100&#8243; overlay_strength=&#8221;0.3&#8243; shape_divider_position=&#8221;bottom&#8221; bg_image_animation=&#8221;none&#8221; shape_type=&#8221;&#8221;][vc_column column_padding=&#8221;no-extra-padding&#8221; column_padding_position=&#8221;all&#8221; background_color_opacity=&#8221;1&#8243; background_hover_color_opacity=&#8221;1&#8243; column_link_target=&#8221;_self&#8221; column_shadow=&#8221;none&#8221; column_border_radius=&#8221;none&#8221; bottom_margin=&#8221;30&#8243; width=&#8221;1\/1&#8243; tablet_width_inherit=&#8221;default&#8221; tablet_text_alignment=&#8221;default&#8221; phone_text_alignment=&#8221;default&#8221; overlay_strength=&#8221;0.3&#8243; column_border_width=&#8221;none&#8221; column_border_style=&#8221;solid&#8221; bg_image_animation=&#8221;none&#8221;][vc_column_text]\n<h1>Location and<br \/>\nfacilities<\/h1>\n[\/vc_column_text][\/vc_column][vc_column column_padding=&#8221;no-extra-padding&#8221; column_padding_position=&#8221;all&#8221; background_color_opacity=&#8221;1&#8243; background_hover_color_opacity=&#8221;1&#8243; column_link_target=&#8221;_self&#8221; column_shadow=&#8221;none&#8221; column_border_radius=&#8221;none&#8221; width=&#8221;1\/2&#8243; tablet_width_inherit=&#8221;default&#8221; tablet_text_alignment=&#8221;default&#8221; phone_text_alignment=&#8221;default&#8221; overlay_strength=&#8221;0.3&#8243; column_border_width=&#8221;none&#8221; column_border_style=&#8221;solid&#8221; bg_image_animation=&#8221;none&#8221;][vc_column_text]In an area of 230,000 m\u00b2, the Anami Institute is inserted in the Miringuava River Basin, whose delta is in the Igua\u00e7u River and is entirely located in the municipality of S\u00e3o Jos\u00e9 dos Pinhais.<\/p>\n<p>The Institute has complete infrastructure, that includes input storage warehouse, veterinary outpatient and surgical centers, quarantine sector, veterinary kitchen, dressing rooms and meal halls for staff and the enclosures for the primates and other animals. The latter were developed in accordance with each species biological needs, taking into account factors like well-being, solar exposure and safety for animals and caretakers. The facilities were built in a former agricultural property.<\/p>\n<p>The Institutes perimeter also comprises weirs and areas for temporary food product cropping (such as corn, vegetables, roots, fruit and other legumes) without the use of chemical fertilizers, only organic compost. The facility is in a Permanent Preservation Area (PPA) that, in accordance with the current Brazilian Forestry Code (Law no. 12,651 of 25\/May\/2012), may be classified as: \u201cprotected area covered, or not, by native vegetation with the environmental role of preserving water resources, landscape, geological stability and the biodiversity, facilitating the genic flow for fauna and flora, protecting the soil and guaranteeing the well-being of human populations\u201d.<\/p>\n<p>The surrounding area also comprises remainders of the Mixed Ombrophiles Forest, thus characterized for still containing specimens of the Paran\u00e1 Pine (<em>Arauc\u00e1ria angustifolia<\/em>). Other plant species of high relevance found in the area are Imbuia (<em>Ocotea porosa); <\/em>Pinheiro-bravo (<em>Podocarpus lambertii<\/em>); Cedar (<em>Cedrella fissilis<\/em>), Canela-sassafr\u00e1s (<em>Ocotea odorifera<\/em>); Aroeira (<em>Schinus terebinthifolius<\/em>) and the Matte herb tree (<em>Ilex paraguariensis<\/em>). This vegetation provides food and shelter, temporary or definitive, for different species of wildlife, migratory or in permanent residence.[\/vc_column_text][\/vc_column][vc_column column_padding=&#8221;no-extra-padding&#8221; column_padding_position=&#8221;all&#8221; background_color_opacity=&#8221;1&#8243; background_hover_color_opacity=&#8221;1&#8243; column_link_target=&#8221;_self&#8221; column_shadow=&#8221;none&#8221; column_border_radius=&#8221;none&#8221; width=&#8221;1\/2&#8243; tablet_width_inherit=&#8221;default&#8221; tablet_text_alignment=&#8221;default&#8221; phone_text_alignment=&#8221;default&#8221; overlay_strength=&#8221;0.3&#8243; column_border_width=&#8221;none&#8221; column_border_style=&#8221;solid&#8221; bg_image_animation=&#8221;none&#8221;][image_with_animation image_url=&#8221;526&#8243; alignment=&#8221;right&#8221; animation=&#8221;Fade In&#8221; hover_animation=&#8221;none&#8221; border_radius=&#8221;none&#8221; box_shadow=&#8221;none&#8221; image_loading=&#8221;default&#8221; max_width=&#8221;75%&#8221; max_width_mobile=&#8221;125%&#8221;][image_with_animation image_url=&#8221;627&#8243; alignment=&#8221;right&#8221; animation=&#8221;Fade In&#8221; hover_animation=&#8221;none&#8221; border_radius=&#8221;none&#8221; box_shadow=&#8221;none&#8221; image_loading=&#8221;default&#8221; max_width=&#8221;75%&#8221; max_width_mobile=&#8221;125%&#8221;][image_with_animation image_url=&#8221;590&#8243; alignment=&#8221;right&#8221; animation=&#8221;Fade In&#8221; hover_animation=&#8221;none&#8221; border_radius=&#8221;none&#8221; box_shadow=&#8221;none&#8221; image_loading=&#8221;default&#8221; max_width=&#8221;75%&#8221; max_width_mobile=&#8221;125%&#8221;][\/vc_column][vc_column column_padding=&#8221;no-extra-padding&#8221; column_padding_position=&#8221;all&#8221; background_color_opacity=&#8221;1&#8243; background_hover_color_opacity=&#8221;1&#8243; column_link_target=&#8221;_self&#8221; column_shadow=&#8221;none&#8221; column_border_radius=&#8221;none&#8221; width=&#8221;1\/1&#8243; tablet_width_inherit=&#8221;default&#8221; tablet_text_alignment=&#8221;default&#8221; phone_text_alignment=&#8221;default&#8221; overlay_strength=&#8221;0.3&#8243; column_border_width=&#8221;none&#8221; column_border_style=&#8221;solid&#8221; bg_image_animation=&#8221;none&#8221;][\/vc_column][\/vc_row][vc_row type=&#8221;in_container&#8221; full_screen_row_position=&#8221;middle&#8221; column_margin=&#8221;default&#8221; scene_position=&#8221;center&#8221; text_color=&#8221;dark&#8221; text_align=&#8221;left&#8221; top_padding=&#8221;100&#8243; disable_element=&#8221;yes&#8221; overlay_strength=&#8221;0.3&#8243; shape_divider_position=&#8221;bottom&#8221; bg_image_animation=&#8221;none&#8221; shape_type=&#8221;&#8221;][vc_column column_padding=&#8221;no-extra-padding&#8221; column_padding_position=&#8221;all&#8221; background_color_opacity=&#8221;1&#8243; background_hover_color_opacity=&#8221;1&#8243; column_link_target=&#8221;_self&#8221; column_shadow=&#8221;none&#8221; column_border_radius=&#8221;none&#8221; width=&#8221;1\/2&#8243; tablet_width_inherit=&#8221;default&#8221; tablet_text_alignment=&#8221;default&#8221; phone_text_alignment=&#8221;default&#8221; overlay_strength=&#8221;0.3&#8243; column_border_width=&#8221;none&#8221; column_border_style=&#8221;solid&#8221; bg_image_animation=&#8221;none&#8221;][vc_column_text]\n<h4>O trabalho desenvolvido pelo Instituto Anami consiste em acolher, proteger e reabilitar os grandes primatas. Os mesmos cuidados se estendem a outras esp\u00e9cies como papagaios, araras, tucanos, macacos-aranha, macacos-prego, cervos e jabutis, que tamb\u00e9m adv\u00eam de situa\u00e7\u00f5es de maus tratos, da ind\u00fastria do entretenimento e de apreens\u00f5es do tr\u00e1fico ilegal por parte das autoridades competentes &#8211; Instituto Brasileiro do Meio Ambiente e dos Recursos Naturais Renov\u00e1veis (IBAMA), Instituto Ambiental do Paran\u00e1 (IAP) e Pol\u00edcia Ambiental.<\/h4>\n<p>Dotado de amplas instala\u00e7\u00f5es capazes de acomodar esp\u00e9cies da fauna silvestre, nativa e ex\u00f3tica, conta com assist\u00eancia profissional e estrutura adequada, proporcionando uma vida tranquila e protegida a todos os seus moradores. Rodeado de mata nativa, tamb\u00e9m abriga dentro de seu per\u00edmetro diversas esp\u00e9cies nativas de vida livre, que buscam alimenta\u00e7\u00e3o e ambiente seguro para sua reprodu\u00e7\u00e3o, um verdadeiro santu\u00e1rio da fauna brasileira.<\/p>\n<p>Atualmente, vivem no Instituto cerca de 500 animais, entre os quais os chimpanz\u00e9s. Lamentavelmente, muitos deles passaram longos anos de suas vidas confinados em jaulas deterioradas, em completa solid\u00e3o, privados do conv\u00edvio social com outros chimpanz\u00e9s e sem as m\u00ednimas condi\u00e7\u00f5es para uma vida saud\u00e1vel. Estes eventos, que deixam traumas profundos, f\u00edsicos e psicol\u00f3gicos, requerem da equipe muito trabalho, dedica\u00e7\u00e3o e perseveran\u00e7a.<\/p>\n<blockquote><p>Nossa miss\u00e3o e nossa luta \u00e9 a reabilita\u00e7\u00e3o de cada primata e a sua integra\u00e7\u00e3o com outros indiv\u00edduos da mesma esp\u00e9cie, j\u00e1 que a ressocializa\u00e7\u00e3o \u00e9 fundamental para a recupera\u00e7\u00e3o destes indiv\u00edduos que, por algum motivo, nunca poder\u00e3o voltar para a natureza.<\/p><\/blockquote>\n<p>O Instituto tamb\u00e9m se dedica a manter e reproduzir esp\u00e9cies da fauna nativa, com objetivo de auxiliar em programas de conserva\u00e7\u00e3o.[\/vc_column_text][\/vc_column][vc_column column_padding=&#8221;no-extra-padding&#8221; column_padding_position=&#8221;all&#8221; background_color_opacity=&#8221;1&#8243; background_hover_color_opacity=&#8221;1&#8243; column_link_target=&#8221;_self&#8221; column_shadow=&#8221;none&#8221; column_border_radius=&#8221;none&#8221; width=&#8221;1\/2&#8243; tablet_width_inherit=&#8221;default&#8221; tablet_text_alignment=&#8221;default&#8221; phone_text_alignment=&#8221;default&#8221; overlay_strength=&#8221;0.3&#8243; column_border_width=&#8221;none&#8221; column_border_style=&#8221;solid&#8221; bg_image_animation=&#8221;none&#8221;][image_with_animation image_url=&#8221;100&#8243; alignment=&#8221;&#8221; animation=&#8221;Fade In&#8221; hover_animation=&#8221;none&#8221; border_radius=&#8221;none&#8221; box_shadow=&#8221;none&#8221; image_loading=&#8221;default&#8221; max_width=&#8221;100%&#8221; max_width_mobile=&#8221;default&#8221;][image_with_animation image_url=&#8221;101&#8243; alignment=&#8221;&#8221; animation=&#8221;Fade In&#8221; hover_animation=&#8221;none&#8221; border_radius=&#8221;none&#8221; box_shadow=&#8221;none&#8221; image_loading=&#8221;default&#8221; max_width=&#8221;100%&#8221; max_width_mobile=&#8221;default&#8221;][image_with_animation image_url=&#8221;99&#8243; alignment=&#8221;&#8221; animation=&#8221;Fade In&#8221; hover_animation=&#8221;none&#8221; border_radius=&#8221;none&#8221; box_shadow=&#8221;none&#8221; image_loading=&#8221;default&#8221; max_width=&#8221;100%&#8221; max_width_mobile=&#8221;default&#8221;][\/vc_column][\/vc_row][vc_row type=&#8221;in_container&#8221; full_screen_row_position=&#8221;middle&#8221; column_margin=&#8221;default&#8221; scene_position=&#8221;center&#8221; text_color=&#8221;dark&#8221; text_align=&#8221;left&#8221; overlay_strength=&#8221;0.3&#8243; shape_divider_position=&#8221;bottom&#8221; bg_image_animation=&#8221;none&#8221;][vc_column column_padding=&#8221;no-extra-padding&#8221; column_padding_position=&#8221;all&#8221; background_color_opacity=&#8221;1&#8243; background_hover_color_opacity=&#8221;1&#8243; column_link_target=&#8221;_self&#8221; column_shadow=&#8221;none&#8221; column_border_radius=&#8221;none&#8221; width=&#8221;1\/1&#8243; tablet_width_inherit=&#8221;default&#8221; tablet_text_alignment=&#8221;default&#8221; phone_text_alignment=&#8221;default&#8221; overlay_strength=&#8221;0.3&#8243; column_border_width=&#8221;none&#8221; column_border_style=&#8221;solid&#8221; bg_image_animation=&#8221;none&#8221;][vc_gallery type=&#8221;image_grid&#8221; images=&#8221;981,944,827,948,812,947,946,943,941,940,937,933,820,924,926,921,914,953,823,822,821,819,818,817,815,808,762,758,917,747,960,957,959,826,809,825,956&#8243; layout=&#8221;fullwidth&#8221; masonry_style=&#8221;true&#8221; item_spacing=&#8221;default&#8221; gallery_style=&#8221;7&#8243; load_in_animation=&#8221;none&#8221;][\/vc_column][\/vc_row]\n","protected":false},"excerpt":{"rendered":"<p>[vc_row type=&#8221;in_container&#8221; full_screen_row_position=&#8221;middle&#8221; column_margin=&#8221;default&#8221; scene_position=&#8221;center&#8221; text_color=&#8221;dark&#8221; text_align=&#8221;left&#8221; top_padding=&#8221;100&#8243; overlay_strength=&#8221;0.3&#8243; shape_divider_position=&#8221;bottom&#8221; bg_image_animation=&#8221;none&#8221; shape_type=&#8221;&#8221;][vc_column column_padding=&#8221;no-extra-padding&#8221; column_padding_position=&#8221;all&#8221; background_color_opacity=&#8221;1&#8243; background_hover_color_opacity=&#8221;1&#8243; column_link_target=&#8221;_self&#8221; column_shadow=&#8221;none&#8221; column_border_radius=&#8221;none&#8221; bottom_margin=&#8221;30&#8243; width=&#8221;1\/1&#8243; tablet_width_inherit=&#8221;default&#8221; tablet_text_alignment=&#8221;default&#8221; phone_text_alignment=&#8221;default&#8221; overlay_strength=&#8221;0.3&#8243; column_border_width=&#8221;none&#8221; column_border_style=&#8221;solid&#8221; bg_image_animation=&#8221;none&#8221;][vc_column_text] Location and&#8230;<\/p>\n","protected":false},"author":1,"featured_media":0,"parent":0,"menu_order":0,"comment_status":"closed","ping_status":"closed","template":"","meta":{"footnotes":""},"class_list":["post-1018","page","type-page","status-publish"],"_links":{"self":[{"href":"https:\/\/www.anami.org.br\/en\/wp-json\/wp\/v2\/pages\/1018","targetHints":{"allow":["GET"]}}],"collection":[{"href":"https:\/\/www.anami.org.br\/en\/wp-json\/wp\/v2\/pages"}],"about":[{"href":"https:\/\/www.anami.org.br\/en\/wp-json\/wp\/v2\/types\/page"}],"author":[{"embeddable":true,"href":"https:\/\/www.anami.org.br\/en\/wp-json\/wp\/v2\/users\/1"}],"replies":[{"embeddable":true,"href":"https:\/\/www.anami.org.br\/en\/wp-json\/wp\/v2\/comments?post=1018"}],"version-history":[{"count":9,"href":"https:\/\/www.anami.org.br\/en\/wp-json\/wp\/v2\/pages\/1018\/revisions"}],"predecessor-version":[{"id":1202,"href":"https:\/\/www.anami.org.br\/en\/wp-json\/wp\/v2\/pages\/1018\/revisions\/1202"}],"wp:attachment":[{"href":"https:\/\/www.anami.org.br\/en\/wp-json\/wp\/v2\/media?parent=1018"}],"curies":[{"name":"wp","href":"https:\/\/api.w.org\/{rel}","templated":true}]}}