{"id":1019,"date":"2020-01-02T18:31:54","date_gmt":"2020-01-02T20:31:54","guid":{"rendered":"http:\/\/clientes.lumendesign.com.br\/anami\/historia\/"},"modified":"2020-04-14T17:44:31","modified_gmt":"2020-04-14T20:44:31","slug":"story","status":"publish","type":"page","link":"https:\/\/www.anami.org.br\/en\/story\/","title":{"rendered":"Story"},"content":{"rendered":"[vc_row type=&#8221;in_container&#8221; full_screen_row_position=&#8221;middle&#8221; column_margin=&#8221;default&#8221; scene_position=&#8221;center&#8221; text_color=&#8221;dark&#8221; text_align=&#8221;left&#8221; top_padding=&#8221;100&#8243; overlay_strength=&#8221;0.3&#8243; shape_divider_position=&#8221;bottom&#8221; bg_image_animation=&#8221;none&#8221; shape_type=&#8221;&#8221;][vc_column column_padding=&#8221;no-extra-padding&#8221; column_padding_position=&#8221;all&#8221; background_color_opacity=&#8221;1&#8243; background_hover_color_opacity=&#8221;1&#8243; column_link_target=&#8221;_self&#8221; column_shadow=&#8221;none&#8221; column_border_radius=&#8221;none&#8221; bottom_margin=&#8221;30&#8243; width=&#8221;1\/1&#8243; tablet_width_inherit=&#8221;default&#8221; tablet_text_alignment=&#8221;default&#8221; phone_text_alignment=&#8221;default&#8221; overlay_strength=&#8221;0.3&#8243; column_border_width=&#8221;none&#8221; column_border_style=&#8221;solid&#8221; bg_image_animation=&#8221;none&#8221;][vc_column_text]\n<h1>A story in defense of primates<\/h1>\n[\/vc_column_text][\/vc_column][vc_column column_padding=&#8221;no-extra-padding&#8221; column_padding_position=&#8221;all&#8221; background_color_opacity=&#8221;1&#8243; background_hover_color_opacity=&#8221;1&#8243; column_link_target=&#8221;_self&#8221; column_shadow=&#8221;none&#8221; column_border_radius=&#8221;none&#8221; width=&#8221;1\/2&#8243; tablet_width_inherit=&#8221;default&#8221; tablet_text_alignment=&#8221;default&#8221; phone_text_alignment=&#8221;default&#8221; overlay_strength=&#8221;0.3&#8243; column_border_width=&#8221;none&#8221; column_border_style=&#8221;solid&#8221; bg_image_animation=&#8221;none&#8221;][vc_column_text]\n<h4>The Anami Conservationist Institute was idealized in 2007 by the Czech immigrant couple, Milan and Anita Starostik (picture) but, the fight for the great primates, started back in the 1980s.<\/h4>\n<p>In this time, the couple visited a few circuses and was faced with a number of mistreatment situations. According to the founders\u2019 report, animals were living in terrible hygiene conditions and malnourished. They were kept in chains, in inappropriate cages, very small and dirty, suffered torture and did were not fed in order to perform.<\/p>\n<p>At that time, there was nearly no mention of the issue of animal well-being. But, for Milan and Anita, those visits were impacting and decisive for them to start in the fight or the defense of the great apes.<\/p>\n<p>Faced with the growing commercial exploitation, the couple intensified their work, dedicating themselves to guaranteeing the well-being of these primates. They thought a hard battle together with the <a href=\"https:\/\/www.projetogap.org.br\/\">GAP Project Brazil (Great Ape Project)<\/a> to prevent animal exploitation in circuses and shows. The outcome was implementation of state laws \u2013 in the states of Goi\u00e1s, Alagoas, Esp\u00edrito Santo, Mato Grosso do Sul, Minas Gerais, Para\u00edba, Paran\u00e1, Pernambuco, Rio de Janeiro, Rio Grande do Sul and S\u00e3o Paulo &#8211; forbidding the use of any animal in circuses and shows.<\/p>\n<p>After that, they started the rescue process, for the purpose of providing chimpanzees with a dignified life, free of pain, suffering or fear. In 2007, the couple establishes the Anami Conservationist Institute, not for profit, that is continuously dedicated to providing daily care to great apes victims of mistreatment, retired from the entertainment industry and rescued from the legal commerce. In addition to the 24 chimpanzees and the orangutan Katai, they also harbor other species of the native or exotic fauna, coming from the same situation.<\/p>\n<p>The first image represents the chimpanzee Ca\u00edque, before his life in the Institute and the last, his current situation.<\/p>\n<h4>Through <a href=\"http:\/\/www2.mma.gov.br\/port\/conama\/\">CONAMA<\/a> (National Council of the Environment) normative instruction 489\/2018, the Institute is now considered part of the category of Wildlife Conservation Breeding Ground and is located in the area of 230,000 m\u00b2 in the municipality of S\u00e3o Jos\u00e9 dos Pinhais, Paran\u00e1 \u2013 Brazil.<\/h4>\n[\/vc_column_text][\/vc_column][vc_column column_padding=&#8221;no-extra-padding&#8221; column_padding_position=&#8221;all&#8221; background_color_opacity=&#8221;1&#8243; background_hover_color_opacity=&#8221;1&#8243; column_link_target=&#8221;_self&#8221; column_shadow=&#8221;none&#8221; column_border_radius=&#8221;none&#8221; width=&#8221;1\/2&#8243; tablet_width_inherit=&#8221;default&#8221; tablet_text_alignment=&#8221;default&#8221; phone_text_alignment=&#8221;default&#8221; overlay_strength=&#8221;0.3&#8243; column_border_width=&#8221;none&#8221; column_border_style=&#8221;solid&#8221; bg_image_animation=&#8221;none&#8221;][image_with_animation image_url=&#8221;463&#8243; alignment=&#8221;right&#8221; animation=&#8221;Fade In&#8221; hover_animation=&#8221;none&#8221; border_radius=&#8221;none&#8221; box_shadow=&#8221;none&#8221; image_loading=&#8221;default&#8221; max_width=&#8221;75%&#8221; max_width_mobile=&#8221;125%&#8221;][image_with_animation image_url=&#8221;81&#8243; alignment=&#8221;right&#8221; animation=&#8221;Fade In&#8221; hover_animation=&#8221;none&#8221; border_radius=&#8221;none&#8221; box_shadow=&#8221;none&#8221; image_loading=&#8221;default&#8221; max_width=&#8221;75%&#8221; max_width_mobile=&#8221;125%&#8221;][image_with_animation image_url=&#8221;436&#8243; alignment=&#8221;right&#8221; animation=&#8221;Fade In&#8221; hover_animation=&#8221;none&#8221; border_radius=&#8221;none&#8221; box_shadow=&#8221;none&#8221; image_loading=&#8221;default&#8221; max_width=&#8221;75%&#8221; max_width_mobile=&#8221;125%&#8221;][\/vc_column][\/vc_row][vc_row type=&#8221;in_container&#8221; full_screen_row_position=&#8221;middle&#8221; column_margin=&#8221;default&#8221; scene_position=&#8221;center&#8221; text_color=&#8221;dark&#8221; text_align=&#8221;left&#8221; top_padding=&#8221;100&#8243; disable_element=&#8221;yes&#8221; overlay_strength=&#8221;0.3&#8243; shape_divider_position=&#8221;bottom&#8221; bg_image_animation=&#8221;none&#8221; shape_type=&#8221;&#8221;][vc_column column_padding=&#8221;no-extra-padding&#8221; column_padding_position=&#8221;all&#8221; background_color_opacity=&#8221;1&#8243; background_hover_color_opacity=&#8221;1&#8243; column_link_target=&#8221;_self&#8221; column_shadow=&#8221;none&#8221; column_border_radius=&#8221;none&#8221; width=&#8221;1\/2&#8243; tablet_width_inherit=&#8221;default&#8221; tablet_text_alignment=&#8221;default&#8221; phone_text_alignment=&#8221;default&#8221; overlay_strength=&#8221;0.3&#8243; column_border_width=&#8221;none&#8221; column_border_style=&#8221;solid&#8221; bg_image_animation=&#8221;none&#8221;][vc_column_text]\n<h4>O trabalho desenvolvido pelo Instituto Anami consiste em acolher, proteger e reabilitar os grandes primatas. Os mesmos cuidados se estendem a outras esp\u00e9cies como papagaios, araras, tucanos, macacos-aranha, macacos-prego, cervos e jabutis, que tamb\u00e9m adv\u00eam de situa\u00e7\u00f5es de maus tratos, da ind\u00fastria do entretenimento e de apreens\u00f5es do tr\u00e1fico ilegal por parte das autoridades competentes &#8211; Instituto Brasileiro do Meio Ambiente e dos Recursos Naturais Renov\u00e1veis (IBAMA), Instituto Ambiental do Paran\u00e1 (IAP) e Pol\u00edcia Ambiental.<\/h4>\n<p>Dotado de amplas instala\u00e7\u00f5es capazes de acomodar esp\u00e9cies da fauna silvestre, nativa e ex\u00f3tica, conta com assist\u00eancia profissional e estrutura adequada, proporcionando uma vida tranquila e protegida a todos os seus moradores. Rodeado de mata nativa, tamb\u00e9m abriga dentro de seu per\u00edmetro diversas esp\u00e9cies nativas de vida livre, que buscam alimenta\u00e7\u00e3o e ambiente seguro para sua reprodu\u00e7\u00e3o, um verdadeiro santu\u00e1rio da fauna brasileira.<\/p>\n<p>Atualmente, vivem no Instituto cerca de 500 animais, entre os quais os chimpanz\u00e9s. Lamentavelmente, muitos deles passaram longos anos de suas vidas confinados em jaulas deterioradas, em completa solid\u00e3o, privados do conv\u00edvio social com outros chimpanz\u00e9s e sem as m\u00ednimas condi\u00e7\u00f5es para uma vida saud\u00e1vel. Estes eventos, que deixam traumas profundos, f\u00edsicos e psicol\u00f3gicos, requerem da equipe muito trabalho, dedica\u00e7\u00e3o e perseveran\u00e7a.<\/p>\n<blockquote><p>Nossa miss\u00e3o e nossa luta \u00e9 a reabilita\u00e7\u00e3o de cada primata e a sua integra\u00e7\u00e3o com outros indiv\u00edduos da mesma esp\u00e9cie, j\u00e1 que a ressocializa\u00e7\u00e3o \u00e9 fundamental para a recupera\u00e7\u00e3o destes indiv\u00edduos que, por algum motivo, nunca poder\u00e3o voltar para a natureza.<\/p><\/blockquote>\n<p>O Instituto tamb\u00e9m se dedica a manter e reproduzir esp\u00e9cies da fauna nativa, com objetivo de auxiliar em programas de conserva\u00e7\u00e3o.[\/vc_column_text][\/vc_column][vc_column column_padding=&#8221;no-extra-padding&#8221; column_padding_position=&#8221;all&#8221; background_color_opacity=&#8221;1&#8243; background_hover_color_opacity=&#8221;1&#8243; column_link_target=&#8221;_self&#8221; column_shadow=&#8221;none&#8221; column_border_radius=&#8221;none&#8221; width=&#8221;1\/2&#8243; tablet_width_inherit=&#8221;default&#8221; tablet_text_alignment=&#8221;default&#8221; phone_text_alignment=&#8221;default&#8221; overlay_strength=&#8221;0.3&#8243; column_border_width=&#8221;none&#8221; column_border_style=&#8221;solid&#8221; bg_image_animation=&#8221;none&#8221;][image_with_animation image_url=&#8221;100&#8243; alignment=&#8221;&#8221; animation=&#8221;Fade In&#8221; hover_animation=&#8221;none&#8221; border_radius=&#8221;none&#8221; box_shadow=&#8221;none&#8221; image_loading=&#8221;default&#8221; max_width=&#8221;100%&#8221; max_width_mobile=&#8221;default&#8221;][image_with_animation image_url=&#8221;101&#8243; alignment=&#8221;&#8221; animation=&#8221;Fade In&#8221; hover_animation=&#8221;none&#8221; border_radius=&#8221;none&#8221; box_shadow=&#8221;none&#8221; image_loading=&#8221;default&#8221; max_width=&#8221;100%&#8221; max_width_mobile=&#8221;default&#8221;][image_with_animation image_url=&#8221;99&#8243; alignment=&#8221;&#8221; animation=&#8221;Fade In&#8221; hover_animation=&#8221;none&#8221; border_radius=&#8221;none&#8221; box_shadow=&#8221;none&#8221; image_loading=&#8221;default&#8221; max_width=&#8221;100%&#8221; max_width_mobile=&#8221;default&#8221;][\/vc_column][\/vc_row]\n","protected":false},"excerpt":{"rendered":"<p>[vc_row type=&#8221;in_container&#8221; full_screen_row_position=&#8221;middle&#8221; column_margin=&#8221;default&#8221; scene_position=&#8221;center&#8221; text_color=&#8221;dark&#8221; text_align=&#8221;left&#8221; top_padding=&#8221;100&#8243; overlay_strength=&#8221;0.3&#8243; shape_divider_position=&#8221;bottom&#8221; bg_image_animation=&#8221;none&#8221; shape_type=&#8221;&#8221;][vc_column column_padding=&#8221;no-extra-padding&#8221; column_padding_position=&#8221;all&#8221; background_color_opacity=&#8221;1&#8243; background_hover_color_opacity=&#8221;1&#8243; column_link_target=&#8221;_self&#8221; column_shadow=&#8221;none&#8221; column_border_radius=&#8221;none&#8221; bottom_margin=&#8221;30&#8243; width=&#8221;1\/1&#8243; tablet_width_inherit=&#8221;default&#8221; tablet_text_alignment=&#8221;default&#8221; phone_text_alignment=&#8221;default&#8221; overlay_strength=&#8221;0.3&#8243; column_border_width=&#8221;none&#8221; column_border_style=&#8221;solid&#8221; bg_image_animation=&#8221;none&#8221;][vc_column_text] A story&#8230;<\/p>\n","protected":false},"author":1,"featured_media":0,"parent":0,"menu_order":0,"comment_status":"closed","ping_status":"closed","template":"","meta":{"footnotes":""},"class_list":["post-1019","page","type-page","status-publish"],"_links":{"self":[{"href":"https:\/\/www.anami.org.br\/en\/wp-json\/wp\/v2\/pages\/1019","targetHints":{"allow":["GET"]}}],"collection":[{"href":"https:\/\/www.anami.org.br\/en\/wp-json\/wp\/v2\/pages"}],"about":[{"href":"https:\/\/www.anami.org.br\/en\/wp-json\/wp\/v2\/types\/page"}],"author":[{"embeddable":true,"href":"https:\/\/www.anami.org.br\/en\/wp-json\/wp\/v2\/users\/1"}],"replies":[{"embeddable":true,"href":"https:\/\/www.anami.org.br\/en\/wp-json\/wp\/v2\/comments?post=1019"}],"version-history":[{"count":4,"href":"https:\/\/www.anami.org.br\/en\/wp-json\/wp\/v2\/pages\/1019\/revisions"}],"predecessor-version":[{"id":1099,"href":"https:\/\/www.anami.org.br\/en\/wp-json\/wp\/v2\/pages\/1019\/revisions\/1099"}],"wp:attachment":[{"href":"https:\/\/www.anami.org.br\/en\/wp-json\/wp\/v2\/media?parent=1019"}],"curies":[{"name":"wp","href":"https:\/\/api.w.org\/{rel}","templated":true}]}}